{"id":102,"date":"2017-02-16T16:22:18","date_gmt":"2017-02-16T15:22:18","guid":{"rendered":"http:\/\/erikaschulze.de\/wp\/?page_id=102"},"modified":"2018-10-02T18:47:33","modified_gmt":"2018-10-02T16:47:33","slug":"elsass","status":"publish","type":"page","link":"http:\/\/erikaschulze.de\/wp\/weite-welt\/elsass\/","title":{"rendered":"Im Elsass unterwegs &#8211; Stra\u00dfburg &#8211; Riquewihr &#8211; Colmar"},"content":{"rendered":"<style type=\"text\/css\">\n\t<!-- @page { margin: 2cm } P { margin-bottom: 0.21cm } --><br \/>\t<\/style>\n<p align=\"CENTER\"><span style=\"font-family: Verdana,sans-serif;\"><b>Im Elsass unterwegs<\/b><\/span><\/p>\n<p align=\"CENTER\"><span style=\"font-family: Verdana,sans-serif;\"><b>Stra\u00dfburg \u2013 Riquewihr \u2013 Colmar<\/b><\/span><\/p>\n<p align=\"JUSTIFY\"><span style=\"font-family: Verdana,sans-serif;\">Das Stra\u00dfburger M\u00fcnster macht auf den Besucher einen tiefen Eindruck. Im Stra\u00dfburger M\u00fcnster sind alle kirchlichen Baustile, der romanische mit seinem Ernst und seiner Schlichtheit, der gotische mit seinem Reichtum und seinen Abstufungen bis zum Barockstil der 18. Jahrhunderts vertreten. Die weltber\u00fchmte astronomische Uhr, das Geh\u00e4use ist aus dem Jahre 1574, die Mechanik ist jedoch neu aus dem Jahre 1842! Also auch immerhin mehr als 160 Jahre alt. Das Schauspiel, das um 12.30 Uhr abl\u00e4uft, ist sehr eindrucksvoll. Nat\u00fcrlich fehlt ein Stadtbummel nicht.<\/span><\/p>\n<p align=\"JUSTIFY\"><span style=\"font-family: Verdana,sans-serif;\">Den Weinort Riquewihr (Reichenweiher) mit seiner gut erhaltenen Stadtmauer, seinen kleinen Nebengassen, den traditionell els\u00e4ssischen Fachwerkh\u00e4usern, gilt es zu bewundern. Die Weinberge lassen den guten Wein erahnen.<\/span><\/p>\n<p align=\"JUSTIFY\"><span style=\"font-family: Verdana,sans-serif;\">Zum Schluss des Diavortrags besuchen wir Colmar. Von dieser Stadt wird gesagt, dass sie die sch\u00f6nste der Welt sei. Ich zeige Ihnen Bilder der Altstadt mit Klein Venedig, St. Martin und das Museum \u201eUnterlinden\u201c mit dem ber\u00fchmten \u201eIsenheimer Altar\u201c von Matthias Gr\u00fcnewaldt.<\/span><\/p>\n<p align=\"JUSTIFY\"><img loading=\"lazy\" class=\"aligncenter size-full wp-image-352\" src=\"http:\/\/erikaschulze.de\/wp\/wp-content\/uploads\/2017\/02\/PICT6015b.jpg\" alt=\"\" width=\"1084\" height=\"1039\" srcset=\"http:\/\/erikaschulze.de\/wp\/wp-content\/uploads\/2017\/02\/PICT6015b.jpg 1084w, http:\/\/erikaschulze.de\/wp\/wp-content\/uploads\/2017\/02\/PICT6015b-300x288.jpg 300w, http:\/\/erikaschulze.de\/wp\/wp-content\/uploads\/2017\/02\/PICT6015b-768x736.jpg 768w, http:\/\/erikaschulze.de\/wp\/wp-content\/uploads\/2017\/02\/PICT6015b-1024x981.jpg 1024w\" sizes=\"(max-width: 1084px) 100vw, 1084px\" \/> <img loading=\"lazy\" class=\"aligncenter size-full wp-image-353\" src=\"http:\/\/erikaschulze.de\/wp\/wp-content\/uploads\/2017\/02\/PICT6027.jpg\" alt=\"\" width=\"2256\" height=\"1496\" srcset=\"http:\/\/erikaschulze.de\/wp\/wp-content\/uploads\/2017\/02\/PICT6027.jpg 2256w, http:\/\/erikaschulze.de\/wp\/wp-content\/uploads\/2017\/02\/PICT6027-300x199.jpg 300w, http:\/\/erikaschulze.de\/wp\/wp-content\/uploads\/2017\/02\/PICT6027-768x509.jpg 768w, http:\/\/erikaschulze.de\/wp\/wp-content\/uploads\/2017\/02\/PICT6027-1024x679.jpg 1024w\" sizes=\"(max-width: 2256px) 100vw, 2256px\" \/> <img loading=\"lazy\" class=\"aligncenter size-full wp-image-354\" src=\"http:\/\/erikaschulze.de\/wp\/wp-content\/uploads\/2017\/02\/PICT6044.jpg\" alt=\"\" width=\"2256\" height=\"1496\" srcset=\"http:\/\/erikaschulze.de\/wp\/wp-content\/uploads\/2017\/02\/PICT6044.jpg 2256w, http:\/\/erikaschulze.de\/wp\/wp-content\/uploads\/2017\/02\/PICT6044-300x199.jpg 300w, http:\/\/erikaschulze.de\/wp\/wp-content\/uploads\/2017\/02\/PICT6044-768x509.jpg 768w, http:\/\/erikaschulze.de\/wp\/wp-content\/uploads\/2017\/02\/PICT6044-1024x679.jpg 1024w\" sizes=\"(max-width: 2256px) 100vw, 2256px\" \/> <img loading=\"lazy\" class=\"aligncenter size-full wp-image-355\" src=\"http:\/\/erikaschulze.de\/wp\/wp-content\/uploads\/2017\/02\/PICT6085.jpg\" alt=\"\" width=\"2256\" height=\"1496\" srcset=\"http:\/\/erikaschulze.de\/wp\/wp-content\/uploads\/2017\/02\/PICT6085.jpg 2256w, http:\/\/erikaschulze.de\/wp\/wp-content\/uploads\/2017\/02\/PICT6085-300x199.jpg 300w, http:\/\/erikaschulze.de\/wp\/wp-content\/uploads\/2017\/02\/PICT6085-768x509.jpg 768w, http:\/\/erikaschulze.de\/wp\/wp-content\/uploads\/2017\/02\/PICT6085-1024x679.jpg 1024w\" sizes=\"(max-width: 2256px) 100vw, 2256px\" \/> <img loading=\"lazy\" class=\"aligncenter size-full wp-image-356\" src=\"http:\/\/erikaschulze.de\/wp\/wp-content\/uploads\/2017\/02\/PICT6203.jpg\" alt=\"\" width=\"2256\" height=\"1496\" srcset=\"http:\/\/erikaschulze.de\/wp\/wp-content\/uploads\/2017\/02\/PICT6203.jpg 2256w, http:\/\/erikaschulze.de\/wp\/wp-content\/uploads\/2017\/02\/PICT6203-300x199.jpg 300w, http:\/\/erikaschulze.de\/wp\/wp-content\/uploads\/2017\/02\/PICT6203-768x509.jpg 768w, http:\/\/erikaschulze.de\/wp\/wp-content\/uploads\/2017\/02\/PICT6203-1024x679.jpg 1024w\" sizes=\"(max-width: 2256px) 100vw, 2256px\" \/> <img loading=\"lazy\" class=\"aligncenter size-full wp-image-357\" src=\"http:\/\/erikaschulze.de\/wp\/wp-content\/uploads\/2017\/02\/PICT6242b.jpg\" alt=\"\" width=\"2256\" height=\"1496\" srcset=\"http:\/\/erikaschulze.de\/wp\/wp-content\/uploads\/2017\/02\/PICT6242b.jpg 2256w, http:\/\/erikaschulze.de\/wp\/wp-content\/uploads\/2017\/02\/PICT6242b-300x199.jpg 300w, http:\/\/erikaschulze.de\/wp\/wp-content\/uploads\/2017\/02\/PICT6242b-768x509.jpg 768w, http:\/\/erikaschulze.de\/wp\/wp-content\/uploads\/2017\/02\/PICT6242b-1024x679.jpg 1024w\" sizes=\"(max-width: 2256px) 100vw, 2256px\" \/> <img loading=\"lazy\" class=\"aligncenter size-full wp-image-358\" src=\"http:\/\/erikaschulze.de\/wp\/wp-content\/uploads\/2017\/02\/PICT6371.jpg\" alt=\"\" width=\"2256\" height=\"1496\" srcset=\"http:\/\/erikaschulze.de\/wp\/wp-content\/uploads\/2017\/02\/PICT6371.jpg 2256w, http:\/\/erikaschulze.de\/wp\/wp-content\/uploads\/2017\/02\/PICT6371-300x199.jpg 300w, http:\/\/erikaschulze.de\/wp\/wp-content\/uploads\/2017\/02\/PICT6371-768x509.jpg 768w, http:\/\/erikaschulze.de\/wp\/wp-content\/uploads\/2017\/02\/PICT6371-1024x679.jpg 1024w\" sizes=\"(max-width: 2256px) 100vw, 2256px\" \/> <img loading=\"lazy\" class=\"aligncenter size-full wp-image-359\" src=\"http:\/\/erikaschulze.de\/wp\/wp-content\/uploads\/2017\/02\/PICT6451_Bildgr\u00f6\u00dfe-\u00e4ndern.jpg\" alt=\"\" width=\"1024\" height=\"679\" srcset=\"http:\/\/erikaschulze.de\/wp\/wp-content\/uploads\/2017\/02\/PICT6451_Bildgr\u00f6\u00dfe-\u00e4ndern.jpg 1024w, http:\/\/erikaschulze.de\/wp\/wp-content\/uploads\/2017\/02\/PICT6451_Bildgr\u00f6\u00dfe-\u00e4ndern-300x199.jpg 300w, http:\/\/erikaschulze.de\/wp\/wp-content\/uploads\/2017\/02\/PICT6451_Bildgr\u00f6\u00dfe-\u00e4ndern-768x509.jpg 768w\" sizes=\"(max-width: 1024px) 100vw, 1024px\" \/> <img loading=\"lazy\" class=\"aligncenter size-full wp-image-360\" src=\"http:\/\/erikaschulze.de\/wp\/wp-content\/uploads\/2017\/02\/PICT6530.jpg\" alt=\"\" width=\"2256\" height=\"1496\" srcset=\"http:\/\/erikaschulze.de\/wp\/wp-content\/uploads\/2017\/02\/PICT6530.jpg 2256w, http:\/\/erikaschulze.de\/wp\/wp-content\/uploads\/2017\/02\/PICT6530-300x199.jpg 300w, http:\/\/erikaschulze.de\/wp\/wp-content\/uploads\/2017\/02\/PICT6530-768x509.jpg 768w, http:\/\/erikaschulze.de\/wp\/wp-content\/uploads\/2017\/02\/PICT6530-1024x679.jpg 1024w\" sizes=\"(max-width: 2256px) 100vw, 2256px\" \/> <img loading=\"lazy\" class=\"aligncenter size-full wp-image-361\" src=\"http:\/\/erikaschulze.de\/wp\/wp-content\/uploads\/2017\/02\/PICT6677.jpg\" alt=\"\" width=\"2256\" height=\"1496\" srcset=\"http:\/\/erikaschulze.de\/wp\/wp-content\/uploads\/2017\/02\/PICT6677.jpg 2256w, http:\/\/erikaschulze.de\/wp\/wp-content\/uploads\/2017\/02\/PICT6677-300x199.jpg 300w, http:\/\/erikaschulze.de\/wp\/wp-content\/uploads\/2017\/02\/PICT6677-768x509.jpg 768w, http:\/\/erikaschulze.de\/wp\/wp-content\/uploads\/2017\/02\/PICT6677-1024x679.jpg 1024w\" sizes=\"(max-width: 2256px) 100vw, 2256px\" \/> <img loading=\"lazy\" class=\"aligncenter size-full wp-image-363\" src=\"http:\/\/erikaschulze.de\/wp\/wp-content\/uploads\/2017\/02\/011-Unterlinden.jpg\" alt=\"\" width=\"3951\" height=\"2582\" srcset=\"http:\/\/erikaschulze.de\/wp\/wp-content\/uploads\/2017\/02\/011-Unterlinden.jpg 3951w, http:\/\/erikaschulze.de\/wp\/wp-content\/uploads\/2017\/02\/011-Unterlinden-300x196.jpg 300w, http:\/\/erikaschulze.de\/wp\/wp-content\/uploads\/2017\/02\/011-Unterlinden-768x502.jpg 768w, http:\/\/erikaschulze.de\/wp\/wp-content\/uploads\/2017\/02\/011-Unterlinden-1024x669.jpg 1024w\" sizes=\"(max-width: 3951px) 100vw, 3951px\" \/><\/p>\n","protected":false},"excerpt":{"rendered":"<p>Im Elsass unterwegs Stra\u00dfburg \u2013 Riquewihr \u2013 Colmar Das Stra\u00dfburger M\u00fcnster macht auf den Besucher einen tiefen Eindruck. Im Stra\u00dfburger M\u00fcnster sind alle kirchlichen Baustile, der romanische mit seinem Ernst und seiner Schlichtheit, der gotische mit seinem Reichtum und seinen Abstufungen bis zum Barockstil der 18. Jahrhunderts vertreten. Die weltber\u00fchmte astronomische Uhr, das Geh\u00e4use ist [&hellip;]<\/p>\n","protected":false},"author":1,"featured_media":0,"parent":88,"menu_order":0,"comment_status":"closed","ping_status":"closed","template":"","meta":[],"_links":{"self":[{"href":"http:\/\/erikaschulze.de\/wp\/wp-json\/wp\/v2\/pages\/102"}],"collection":[{"href":"http:\/\/erikaschulze.de\/wp\/wp-json\/wp\/v2\/pages"}],"about":[{"href":"http:\/\/erikaschulze.de\/wp\/wp-json\/wp\/v2\/types\/page"}],"author":[{"embeddable":true,"href":"http:\/\/erikaschulze.de\/wp\/wp-json\/wp\/v2\/users\/1"}],"replies":[{"embeddable":true,"href":"http:\/\/erikaschulze.de\/wp\/wp-json\/wp\/v2\/comments?post=102"}],"version-history":[{"count":5,"href":"http:\/\/erikaschulze.de\/wp\/wp-json\/wp\/v2\/pages\/102\/revisions"}],"predecessor-version":[{"id":674,"href":"http:\/\/erikaschulze.de\/wp\/wp-json\/wp\/v2\/pages\/102\/revisions\/674"}],"up":[{"embeddable":true,"href":"http:\/\/erikaschulze.de\/wp\/wp-json\/wp\/v2\/pages\/88"}],"wp:attachment":[{"href":"http:\/\/erikaschulze.de\/wp\/wp-json\/wp\/v2\/media?parent=102"}],"curies":[{"name":"wp","href":"https:\/\/api.w.org\/{rel}","templated":true}]}}