{"id":24,"date":"2017-02-16T15:43:49","date_gmt":"2017-02-16T14:43:49","guid":{"rendered":"http:\/\/erikaschulze.de\/wp\/?page_id=24"},"modified":"2017-02-20T13:35:30","modified_gmt":"2017-02-20T12:35:30","slug":"diavortraege","status":"publish","type":"page","link":"http:\/\/erikaschulze.de\/wp\/diavortraege\/","title":{"rendered":"Diavortr\u00e4ge"},"content":{"rendered":"<h3><span style=\"font-family: Arial;\">Ich biete Ihnen Diavortr\u00e4ge zu folgenden Themen:<\/span><\/h3>\n<p>&nbsp;<\/p>\n<p><strong><a href=\"http:\/\/erikaschulze.de\/wp\/deutschland\/\">Deutschland<\/a><\/strong><\/p>\n<p><strong><a href=\"http:\/\/erikaschulze.de\/wp\/weite-welt\/\">Eindr\u00fccke aus der weiten Welt<\/a><\/strong><\/p>\n<p><strong><a href=\"http:\/\/erikaschulze.de\/wp\/staedte-ausserhalb-deutschland\/\">St\u00e4dte dieser Welt<\/a><\/strong><\/p>\n","protected":false},"excerpt":{"rendered":"<p>Ich biete Ihnen Diavortr\u00e4ge zu folgenden Themen: &nbsp; Deutschland Eindr\u00fccke aus der weiten Welt St\u00e4dte dieser Welt<\/p>\n","protected":false},"author":1,"featured_media":0,"parent":0,"menu_order":0,"comment_status":"closed","ping_status":"closed","template":"","meta":[],"_links":{"self":[{"href":"http:\/\/erikaschulze.de\/wp\/wp-json\/wp\/v2\/pages\/24"}],"collection":[{"href":"http:\/\/erikaschulze.de\/wp\/wp-json\/wp\/v2\/pages"}],"about":[{"href":"http:\/\/erikaschulze.de\/wp\/wp-json\/wp\/v2\/types\/page"}],"author":[{"embeddable":true,"href":"http:\/\/erikaschulze.de\/wp\/wp-json\/wp\/v2\/users\/1"}],"replies":[{"embeddable":true,"href":"http:\/\/erikaschulze.de\/wp\/wp-json\/wp\/v2\/comments?post=24"}],"version-history":[{"count":6,"href":"http:\/\/erikaschulze.de\/wp\/wp-json\/wp\/v2\/pages\/24\/revisions"}],"predecessor-version":[{"id":496,"href":"http:\/\/erikaschulze.de\/wp\/wp-json\/wp\/v2\/pages\/24\/revisions\/496"}],"wp:attachment":[{"href":"http:\/\/erikaschulze.de\/wp\/wp-json\/wp\/v2\/media?parent=24"}],"curies":[{"name":"wp","href":"https:\/\/api.w.org\/{rel}","templated":true}]}}