{"id":46,"date":"2017-02-16T15:58:37","date_gmt":"2017-02-16T14:58:37","guid":{"rendered":"http:\/\/erikaschulze.de\/wp\/?page_id=46"},"modified":"2017-12-29T12:06:41","modified_gmt":"2017-12-29T11:06:41","slug":"fischland","status":"publish","type":"page","link":"http:\/\/erikaschulze.de\/wp\/deutschland\/fischland\/","title":{"rendered":"Fischland &#8211; Dar\u00df &#8211; Zingst &#8211; Land zwischen Ostsee und Bodden"},"content":{"rendered":"<style type=\"text\/css\">\n\t<!-- @page { margin: 2cm } P { margin-bottom: 0.21cm } A:link { so-language: zxx } --><br \/>\t<\/style>\n<p align=\"CENTER\"><a name=\"_GoBack\"><\/a> <span style=\"font-family: Verdana,serif;\"><span style=\"font-size: large;\"><b>Fischland \u2013 Dar\u00df \u2013 Zingst<\/b><\/span><\/span><\/p>\n<p align=\"CENTER\"><span style=\"font-family: Verdana,serif;\"><span style=\"font-size: large;\"><b>Land zwischen Ostsee und Bodden<\/b><\/span><\/span><\/p>\n<p>Das Fischland ist eine Landbr\u00fccke an der s\u00fcdlichen Ostseek\u00fcste der Mecklenburger Bucht und Teil der Halbinsel Fischland-Dar\u00df-Zingst. Es geh\u00f6rt zum Landesteil Mecklenburg, der Dar\u00df geh\u00f6rt bereits zu Vorpommern. Die Grenze verl\u00e4uft am Grenzweg in Ahrenshoop.<\/p>\n<p>Es gibt auf dem Fischland insgesamt nur vier Ortschafen, die heute gr\u00f6\u00dftenteils ineinander \u00fcbergehen: wir besuchen Ahrenshoop und Wustrow.<\/p>\n<p>Quer\u00a0 durch die Gemeinde Ahrenshoop verl\u00e4uft die historische Grenze zwischen Mecklenburg und Vorpommern. In Ahrenshoop besuchen wir das neu erbaute Kunstmuseum, das am 30.8.2013 er\u00f6ffnet wurde. Das ist ein Privatmuseum, das aus b\u00fcrgerschaftlichem Engagement von Stiftung und Freundeskreis hervorgegangen ist. Die Ausstellungen spiegeln die lange Tradition des Ortes Ahrenshoop als K\u00fcnstlerkolonie wider und zeigen die politische, gesellschaftliche und k\u00fcnstlerische Entwicklung seit dem ausgehenden 19. Jahrhundert auf.<\/p>\n<p>Das Ostseebad Wustrow ist ein ehemaliges Fischer- und Seefahrerdorf. Heute ist es vor allem durch den Tourismus gepr\u00e4gt.<\/p>\n<p>Die 31. Zeesenboot-Regatta ist in Wustrow angesagt. 34 Skipper mussten einen Dreieckskurs absolvieren. Es ist ein ganz besonderes Vergn\u00fcgen.<\/p>\n<p>Zum Schluss besuchen wir Dar\u00dfer Ort. Der Leuchtturm war mein Ziel.<\/p>\n<p><span style=\"font-size: large;\"><span style=\"font-size: large;\"><img loading=\"lazy\" class=\"aligncenter size-full wp-image-147\" src=\"http:\/\/erikaschulze.de\/wp\/wp-content\/uploads\/2017\/02\/P1000369.jpg\" alt=\"\" width=\"4000\" height=\"3000\" srcset=\"http:\/\/erikaschulze.de\/wp\/wp-content\/uploads\/2017\/02\/P1000369.jpg 4000w, http:\/\/erikaschulze.de\/wp\/wp-content\/uploads\/2017\/02\/P1000369-300x225.jpg 300w, http:\/\/erikaschulze.de\/wp\/wp-content\/uploads\/2017\/02\/P1000369-768x576.jpg 768w, http:\/\/erikaschulze.de\/wp\/wp-content\/uploads\/2017\/02\/P1000369-1024x768.jpg 1024w\" sizes=\"(max-width: 4000px) 100vw, 4000px\" \/><img loading=\"lazy\" class=\"aligncenter size-full wp-image-148\" src=\"http:\/\/erikaschulze.de\/wp\/wp-content\/uploads\/2017\/02\/P1010372.jpg\" alt=\"\" width=\"4000\" height=\"3000\" srcset=\"http:\/\/erikaschulze.de\/wp\/wp-content\/uploads\/2017\/02\/P1010372.jpg 4000w, http:\/\/erikaschulze.de\/wp\/wp-content\/uploads\/2017\/02\/P1010372-300x225.jpg 300w, http:\/\/erikaschulze.de\/wp\/wp-content\/uploads\/2017\/02\/P1010372-768x576.jpg 768w, http:\/\/erikaschulze.de\/wp\/wp-content\/uploads\/2017\/02\/P1010372-1024x768.jpg 1024w\" sizes=\"(max-width: 4000px) 100vw, 4000px\" \/><img loading=\"lazy\" class=\"aligncenter size-full wp-image-149\" src=\"http:\/\/erikaschulze.de\/wp\/wp-content\/uploads\/2017\/02\/P1010374.jpg\" alt=\"\" width=\"4000\" height=\"3000\" srcset=\"http:\/\/erikaschulze.de\/wp\/wp-content\/uploads\/2017\/02\/P1010374.jpg 4000w, http:\/\/erikaschulze.de\/wp\/wp-content\/uploads\/2017\/02\/P1010374-300x225.jpg 300w, http:\/\/erikaschulze.de\/wp\/wp-content\/uploads\/2017\/02\/P1010374-768x576.jpg 768w, http:\/\/erikaschulze.de\/wp\/wp-content\/uploads\/2017\/02\/P1010374-1024x768.jpg 1024w\" sizes=\"(max-width: 4000px) 100vw, 4000px\" \/><img loading=\"lazy\" class=\"aligncenter size-full wp-image-153\" src=\"http:\/\/erikaschulze.de\/wp\/wp-content\/uploads\/2017\/02\/P1010399.jpg\" alt=\"\" width=\"4000\" height=\"3000\" srcset=\"http:\/\/erikaschulze.de\/wp\/wp-content\/uploads\/2017\/02\/P1010399.jpg 4000w, http:\/\/erikaschulze.de\/wp\/wp-content\/uploads\/2017\/02\/P1010399-300x225.jpg 300w, http:\/\/erikaschulze.de\/wp\/wp-content\/uploads\/2017\/02\/P1010399-768x576.jpg 768w, http:\/\/erikaschulze.de\/wp\/wp-content\/uploads\/2017\/02\/P1010399-1024x768.jpg 1024w\" sizes=\"(max-width: 4000px) 100vw, 4000px\" \/><img loading=\"lazy\" class=\"aligncenter size-full wp-image-154\" src=\"http:\/\/erikaschulze.de\/wp\/wp-content\/uploads\/2017\/02\/P1010846.jpg\" alt=\"\" width=\"4000\" height=\"3000\" srcset=\"http:\/\/erikaschulze.de\/wp\/wp-content\/uploads\/2017\/02\/P1010846.jpg 4000w, http:\/\/erikaschulze.de\/wp\/wp-content\/uploads\/2017\/02\/P1010846-300x225.jpg 300w, http:\/\/erikaschulze.de\/wp\/wp-content\/uploads\/2017\/02\/P1010846-768x576.jpg 768w, http:\/\/erikaschulze.de\/wp\/wp-content\/uploads\/2017\/02\/P1010846-1024x768.jpg 1024w\" sizes=\"(max-width: 4000px) 100vw, 4000px\" \/><img loading=\"lazy\" class=\"aligncenter size-full wp-image-155\" src=\"http:\/\/erikaschulze.de\/wp\/wp-content\/uploads\/2017\/02\/P1050314.jpg\" alt=\"\" width=\"4000\" height=\"3000\" srcset=\"http:\/\/erikaschulze.de\/wp\/wp-content\/uploads\/2017\/02\/P1050314.jpg 4000w, http:\/\/erikaschulze.de\/wp\/wp-content\/uploads\/2017\/02\/P1050314-300x225.jpg 300w, http:\/\/erikaschulze.de\/wp\/wp-content\/uploads\/2017\/02\/P1050314-768x576.jpg 768w, http:\/\/erikaschulze.de\/wp\/wp-content\/uploads\/2017\/02\/P1050314-1024x768.jpg 1024w\" sizes=\"(max-width: 4000px) 100vw, 4000px\" \/><img loading=\"lazy\" class=\"aligncenter size-full wp-image-156\" src=\"http:\/\/erikaschulze.de\/wp\/wp-content\/uploads\/2017\/02\/P1050338.jpg\" alt=\"\" width=\"4000\" height=\"3000\" srcset=\"http:\/\/erikaschulze.de\/wp\/wp-content\/uploads\/2017\/02\/P1050338.jpg 4000w, http:\/\/erikaschulze.de\/wp\/wp-content\/uploads\/2017\/02\/P1050338-300x225.jpg 300w, http:\/\/erikaschulze.de\/wp\/wp-content\/uploads\/2017\/02\/P1050338-768x576.jpg 768w, http:\/\/erikaschulze.de\/wp\/wp-content\/uploads\/2017\/02\/P1050338-1024x768.jpg 1024w\" sizes=\"(max-width: 4000px) 100vw, 4000px\" \/><\/span><\/span><\/p>\n","protected":false},"excerpt":{"rendered":"<p>Fischland \u2013 Dar\u00df \u2013 Zingst Land zwischen Ostsee und Bodden Das Fischland ist eine Landbr\u00fccke an der s\u00fcdlichen Ostseek\u00fcste der Mecklenburger Bucht und Teil der Halbinsel Fischland-Dar\u00df-Zingst. Es geh\u00f6rt zum Landesteil Mecklenburg, der Dar\u00df geh\u00f6rt bereits zu Vorpommern. Die Grenze verl\u00e4uft am Grenzweg in Ahrenshoop. Es gibt auf dem Fischland insgesamt nur vier Ortschafen, die [&hellip;]<\/p>\n","protected":false},"author":1,"featured_media":0,"parent":36,"menu_order":0,"comment_status":"closed","ping_status":"closed","template":"","meta":[],"_links":{"self":[{"href":"http:\/\/erikaschulze.de\/wp\/wp-json\/wp\/v2\/pages\/46"}],"collection":[{"href":"http:\/\/erikaschulze.de\/wp\/wp-json\/wp\/v2\/pages"}],"about":[{"href":"http:\/\/erikaschulze.de\/wp\/wp-json\/wp\/v2\/types\/page"}],"author":[{"embeddable":true,"href":"http:\/\/erikaschulze.de\/wp\/wp-json\/wp\/v2\/users\/1"}],"replies":[{"embeddable":true,"href":"http:\/\/erikaschulze.de\/wp\/wp-json\/wp\/v2\/comments?post=46"}],"version-history":[{"count":5,"href":"http:\/\/erikaschulze.de\/wp\/wp-json\/wp\/v2\/pages\/46\/revisions"}],"predecessor-version":[{"id":600,"href":"http:\/\/erikaschulze.de\/wp\/wp-json\/wp\/v2\/pages\/46\/revisions\/600"}],"up":[{"embeddable":true,"href":"http:\/\/erikaschulze.de\/wp\/wp-json\/wp\/v2\/pages\/36"}],"wp:attachment":[{"href":"http:\/\/erikaschulze.de\/wp\/wp-json\/wp\/v2\/media?parent=46"}],"curies":[{"name":"wp","href":"https:\/\/api.w.org\/{rel}","templated":true}]}}